{"id":1428,"date":"2022-11-29T11:48:20","date_gmt":"2022-11-29T19:48:20","guid":{"rendered":"https:\/\/housingregistry.ca\/le-logement\/"},"modified":"2025-07-18T11:59:26","modified_gmt":"2025-07-18T18:59:26","slug":"le-logement","status":"publish","type":"page","link":"https:\/\/housingregistry.ca\/fr\/le-logement\/","title":{"rendered":"Le logement"},"content":{"rendered":"\n<figure class=\"wp-block-image size-large\"><img loading=\"lazy\" decoding=\"async\" width=\"1600\" height=\"827\" src=\"https:\/\/housingregistry.ca\/wp-content\/uploads\/2022\/12\/English-HousingProvider-infographic-1600x827.png\" alt=\"Illustration du logement : Logement avec services de soutien, logement pour personnes \u00e2g\u00e9es, logements individuels, logements familiaux, logements accessibles.\" class=\"wp-image-1342\" srcset=\"https:\/\/housingregistry.ca\/wp-content\/uploads\/2022\/12\/English-HousingProvider-infographic-1600x827.png 1600w, https:\/\/housingregistry.ca\/wp-content\/uploads\/2022\/12\/English-HousingProvider-infographic-600x310.png 600w, https:\/\/housingregistry.ca\/wp-content\/uploads\/2022\/12\/English-HousingProvider-infographic-300x155.png 300w, https:\/\/housingregistry.ca\/wp-content\/uploads\/2022\/12\/English-HousingProvider-infographic-1536x794.png 1536w, https:\/\/housingregistry.ca\/wp-content\/uploads\/2022\/12\/English-HousingProvider-infographic-2048x1059.png 2048w\" sizes=\"auto, (max-width: 1600px) 100vw, 1600px\" \/><\/figure>\n\n\n\n<ul class=\"wp-block-list\">\n<li><a href=\"#RGI\">Logements \u00e0 loyer index\u00e9 sur le revenu (LIR)<\/a><\/li>\n\n\n\n<li><a href=\"#BMR\">Logement abordable<\/a> <\/li>\n\n\n\n<li><a href=\"#Supportive\">Logement avec services de soutien<\/a><\/li>\n\n\n\n<li><a href=\"https:\/\/registry.softr.app\/home-francais\">Explorez le nouveau r\u00e9pertoire communautaire<\/a><\/li>\n<\/ul>\n\n\n\n<div class=\"wp-block-columns is-layout-flex wp-container-core-columns-is-layout-9d6595d7 wp-block-columns-is-layout-flex\">\n<div class=\"wp-block-column is-layout-flow wp-block-column-is-layout-flow\" style=\"flex-basis:70%\">\n<p>Une cinquantaine de fournisseurs dans la r\u00e9gion d\u2019Ottawa proposent ce type de logements. Lorsque vous faites une demande de logement subventionn\u00e9 par l\u2019interm\u00e9diaire du Registre, vous pouvez indiquer les b\u00e2timents que vous pr\u00e9f\u00e9rez et vos besoins particuliers (taille du m\u00e9nage, exigences en mati\u00e8re d\u2019accessibilit\u00e9, etc.)<\/p>\n<\/div>\n\n\n\n<div class=\"wp-block-column has-navy-color has-green-background-color has-text-color has-background has-link-color wp-elements-553cbcd9bf3d1a4bfb7f06f714dc070b is-layout-flow wp-block-column-is-layout-flow\" style=\"flex-basis:30%\">\n<p class=\"has-text-align-center\">Explorez le nouveau <br><a href=\"https:\/\/registry.softr.app\/home-francais\"><span class=\"large\">r\u00e9pertoire communautaire<\/span><\/a><\/p>\n<\/div>\n<\/div>\n\n\n<div class=\"wp-block-image\">\n<figure class=\"alignright size-full\"><a href=\"https:\/\/housingregistry.ca\/fr\/foire-aux-questions-faq\/\"><img loading=\"lazy\" decoding=\"async\" width=\"272\" height=\"325\" src=\"https:\/\/housingregistry.ca\/wp-content\/uploads\/2022\/12\/Screenshot-2022-12-08-at-1.52.09-PM.png\" alt=\"Dessin d'une personne tenant un t\u00e9l\u00e9phone avec un point d'interrogation \u00e0 c\u00f4t\u00e9 d'elle. \" class=\"wp-image-938\" srcset=\"https:\/\/housingregistry.ca\/wp-content\/uploads\/2022\/12\/Screenshot-2022-12-08-at-1.52.09-PM.png 272w, https:\/\/housingregistry.ca\/wp-content\/uploads\/2022\/12\/Screenshot-2022-12-08-at-1.52.09-PM-251x300.png 251w\" sizes=\"auto, (max-width: 272px) 100vw, 272px\" \/><\/a><figcaption class=\"wp-element-caption\"><strong>Questions et r\u00e9ponses ?<\/strong><br><a href=\"https:\/\/housingregistry.ca\/fr\/foire-aux-questions-faq\/\" target=\"_blank\" rel=\"noreferrer noopener\">Foire aux questions (FAQ)<\/a><\/figcaption><\/figure>\n<\/div>\n\n\n<p>Les fournisseurs de logements offrent un large \u00e9ventail de milieux de vie et de styles dans des immeubles de diverses hauteurs situ\u00e9s dans des zones urbaines ou rurales. Certaines sont des coop\u00e9ratives (coop) qui diff\u00e8rent des autres formes de logement sans but lucratif, car les locataires sont membres et g\u00e8rent la propri\u00e9t\u00e9. Il n\u2019y a pas de propri\u00e9taire. Les coop\u00e9ratives sont ouvertes \u00e0 tout le monde, mais il faut souvent passer une entrevue pour faciliter l\u2019int\u00e9gration dans la communaut\u00e9.<\/p>\n\n\n\n<p>Certaines options de logement sont d\u00e9sign\u00e9es comme non-fumeurs sur le formulaire de demande. Certaines coop\u00e9ratives ont des politiques internes sp\u00e9cifiques (animaux domestiques, assurance du locataire, antennes paraboliques, etc.) qui sont clarifi\u00e9es au moment de l\u2019offre.<\/p>\n\n\n\n<p>Dans notre <a href=\"https:\/\/registry.softr.app\/home-francais\/\">r\u00e9pertoire communautaire<\/a>, vous pouvez explorer plus de details sur les prestataires, les communaut\u00e9s et leurs sp\u00e9cificit\u00e9s. <\/p>\n\n\n\n<h2 class=\"wp-block-heading\" id=\"RGI\">Logements \u00e0 loyer index\u00e9 sur le revenu (LIR)<\/h2>\n\n\n\n<p>Le LIR est le type de logement subventionn\u00e9 le plus courant. Un tel logement co\u00fbte environ 30% du revenu mensuel avant imp\u00f4t du m\u00e9nage. Il peut y avoir des co\u00fbts suppl\u00e9mentaires tels que les services publics et le stationnement.<\/p>\n\n\n\n<p>Pour b\u00e9n\u00e9ficier d\u2019un logement \u00e0 loyer index\u00e9 sur le revenu, vous devez remplir les <a href=\"https:\/\/housingregistry.ca\/fr\/le-processus\/#Eligibility\">conditions d\u2019admissibilit\u00e9<\/a>.<\/p>\n\n\n\n<p>Des formulaires de demande sont \u00e9galement disponibles aupr\u00e8s du Registre et d\u2019autres services locaux.<\/p>\n\n\n\n<p>REMARQUE: Parmi les options de LIR figurent les coop\u00e9ratives d&rsquo;habitation. Elles diff\u00e8rent des autres formes de logement sans but lucratif parce que les locataires sont des membres qui g\u00e8rent eux-m\u00eames la propri\u00e9t\u00e9. Il n\u2019y a pas de propri\u00e9taire. Les coop\u00e9ratives sont ouvertes \u00e0 tout le monde, mais il faut souvent passer une entrevue pour faciliter l\u2019int\u00e9gration dans la communaut\u00e9. Les membres d&rsquo;une coop\u00e9rative d&rsquo;habitation doivent g\u00e9n\u00e9ralement consacrer quelques heures par mois \u00e0 aider la propri\u00e9t\u00e9 ou les locataires d&rsquo;une mani\u00e8re ou d&rsquo;une autre.<\/p>\n\n\n\n<p>Avant que votre nom est ajout\u00e9 \u00e0 la liste des personnes en attente d&rsquo;un logement subventionn\u00e9, les coop\u00e9ratives que vous avez s\u00e9lectionn\u00e9es peuvent vous demander de remplir un formulaire plus d\u00e9taill\u00e9 ou vous inviter \u00e0 une entrevue ou \u00e0 une s\u00e9ance d&rsquo;information. La plupart proc\u00e9deront \u00e0 une v\u00e9rification des r\u00e9f\u00e9rences et du cr\u00e9dit.<\/p>\n\n\n\n<section role=\"region\" id=\"accordion-block_5910fc58a40befdfb462e1af4dba71d1\" class=\"accordion\">\n    \t\t<div class=\"collapse\">\n            \n\t\t\t<div class=\"collapsible\">\n                <h3>Fournisseurs de logements \u00e0 loyer index\u00e9 sur le revenu:<\/h3>\n                                <div class=\"details\">\n                <ul>\n<li>Asher Christian Seniors<\/li>\n<li>Barrhaven Non-Profit Housing<\/li>\n<li>Better Living Co-operative<\/li>\n<li>Cardinus Co-operative<\/li>\n<li>Carpenter Co-operative<\/li>\n<li>Cartier Square Co-operative<\/li>\n<li>Centretown Citizens Ottawa Corporation (C.C.O.C.)<\/li>\n<li>Chinese Community Building<\/li>\n<li>Communityworks Non-Profit Housing<\/li>\n<li>Conservation Co-operative<\/li>\n<li>Coop\u00e9rative C\u00f4t\u00e9 Est<\/li>\n<li>Cumberland Non-Profit Housing<\/li>\n<li>Dalhousie Co-operative<\/li>\n<li>Desloges Co-operative<\/li>\n<li>Dobbin Co-operative<\/li>\n<li>Eagleson Co-operative<\/li>\n<li>Ellwood Non-Profit Housing<\/li>\n<li>Emily Murphy Non-Profit Housing<\/li>\n<li>Glenn Haddrell Co-operative<\/li>\n<li>Gloucester Housing Corporation<\/li>\n<li>Goulbourn Non-Profit Housing<\/li>\n<li>Harmer House<\/li>\n<li>Hazeldean Co-operative<\/li>\n<li>Kanata Co-operative<\/li>\n<li>Kanata Baptist Non-Profit Housing<\/li>\n<li>Lao Village Co-operative<\/li>\n<li>L.I.U.N.A Non-Profit Housing<\/li>\n<li>Mario DeGiovanni Co-operative<\/li>\n<li>Muslim Non-Profit Housing<\/li>\n<li>Nepean Housing<\/li>\n<li>Ottawa Community Housing (O.C.H.)<\/li>\n<li>Osgoode Non-Profit Housing<\/li>\n<li>Rideau Non-Profit Housing<\/li>\n<li>St. Georges Co-operative<\/li>\n<li>St. Vladimir\u2019s Russian Residence<\/li>\n<li>Serson Clarke Non-Profit Housing<\/li>\n<li>Shefford Co-operative<\/li>\n<li>Shikun Oz Non-Profit Housing<\/li>\n<li>Taiga Non-Profit Housing<\/li>\n<li>Tannenhof Co-operative<\/li>\n<li>Van Lang Non-Profit Housing<\/li>\n<li>Vanier Non-Profit Housing<\/li>\n<li>Voisins Co-operative<\/li>\n<li>Unity Housing (formerly OCISO Non-Profit Housing)<\/li>\n<li>West Carleton Non-Profit Housing<\/li>\n<li>Wigwamen<\/li>\n<li>Yule Manor Co-operative<\/li>\n<\/ul>\n                <\/div>\n                            <\/div>\n\n\t\t\t\t\t<\/div>\n\t<\/section>\n\n\n<hr class=\"wp-block-separator has-text-color has-teal-color has-alpha-channel-opacity has-teal-background-color has-background is-style-wide\"\/>\n\n\n\n<h2 class=\"wp-block-heading\" id=\"BMR\">Logement abordable<\/h2>\n\n\n\n<p>Si le revenu du m\u00e9nage est faible ou mod\u00e9r\u00e9, vous pourriez rechercher un logement au loyer inf\u00e9rieur au prix du march\u00e9:<\/p>\n\n\n\n<ul class=\"wp-block-list\">\n<li>les unit\u00e9s sont financ\u00e9es dans le cadre du programme Action Ottawa de la Ville d\u2019Ottawa<\/li>\n\n\n\n<li>les unit\u00e9s sont propos\u00e9s \u00e0 un prix \u00e9gal ou inf\u00e9rieur au loyer moyen du march\u00e9 \u00e0 un taux fixe \u2013 ce taux n\u2019est pas li\u00e9 aux revenus de votre m\u00e9nage<\/li>\n<\/ul>\n\n\n\n<p>Si vous acceptez une offre de loyer inf\u00e9rieur au prix du march\u00e9 et que vous avez aussi fait une demande de loyer index\u00e9 au revenu (LIR), vous devez contacter le Registre pour mettre \u00e0 jour vos informations dans votre demande de LIR, qui demeurera active. <\/p>\n\n\n\n<p>En plus, le revenu de votre m\u00e9nage doit se situer dans certaines <a href=\"#eligibility\">limites fix\u00e9es<\/a> par la Ville d\u2019Ottawa. Nous pouvons vous aider \u00e0 d\u00e9terminer si vous remplissez cette condition.<\/p>\n\n\n\n<p>Vous aurez droit \u00e0 trois (3) offres de logements \u00e0 loyer inf\u00e9rieur au prix du march\u00e9. Si toutes les offres sont refus\u00e9es, votre dossier sera annul\u00e9. Si vous \u00eates sur la liste d\u2019attente pour un logement index\u00e9 sur le revenu (LIR), vous ne perdrez pas votre placement si vous acceptez un logement \u00e0 loyer inf\u00e9rieur au prix du march\u00e9.<\/p>\n\n\n\n<p>Des formulaires de demande sont \u00e9galement disponibles aupr\u00e8s du Registre et d\u2019autres services locaux.<\/p>\n\n\n\n<section role=\"region\" id=\"accordion-block_3d390296ee06d28e98c7c7e737ebadbd\" class=\"accordion\">\n    \t\t<div class=\"collapse\">\n            \n\t\t\t<div class=\"collapsible\">\n                <h3>Fournisseurs de logements au loyer inf\u00e9rieur au prix du march\u00e9:<\/h3>\n                                <div class=\"details\">\n                <ul>\n<li>Blue Heron Coop<\/li>\n<li>Bruy\u00e8re Village<\/li>\n<li>Centretown Citizens Ottawa Corporation (CCOC)<\/li>\n<li>Clarence View<\/li>\n<li>Cumberland Non-Profit Housing<\/li>\n<li>Eastern Ontario Christian Senior Citizens Housing Cooperative<\/li>\n<li>Gloucester Housing Corporation<\/li>\n<li>Hollyer House<\/li>\n<li>King\u2019s Daughters and Sons Apartments<\/li>\n<li>McLean Coop<\/li>\n<li>Multifaith Housing Initiative<\/li>\n<li>Nepean Housing<\/li>\n<li>Ottawa Community Housing (OCH)<\/li>\n<li>The Perley and Rideau Veterans\u2019 Health Centre Seniors\u2019 Village<\/li>\n<li>Unity Non-Profit Housing<\/li>\n<\/ul>\n                <\/div>\n                            <\/div>\n\n\t\t\t\t\t<\/div>\n\t<\/section>\n\n\n<hr class=\"wp-block-separator has-text-color has-lightblue-color has-alpha-channel-opacity has-lightblue-background-color has-background is-style-wide\"\/>\n\n\n\n<h2 class=\"wp-block-heading\" id=\"Supportive\">Logement avec services de soutien<\/h2>\n\n\n\n<p>Si vous \u00e9prouvez des difficult\u00e9s \u00e0 vivre de mani\u00e8re autonome ou \u00e0 vous occuper de votre logement, vous pourriez rechercher un logement avec services de soutien:<\/p>\n\n\n\n<ul class=\"wp-block-list\">\n<li>fournit un soutien sur place (counseling, intervention en cas de crise, aide pour maintenir votre logement, etc.)<\/li>\n\n\n\n<li>peut offrir des possibilit\u00e9s d\u2019entraide et de participation communautaire<\/li>\n\n\n\n<li>r\u00e9duit l\u2019isolement<\/li>\n\n\n\n<li>peut \u00eatre transitoire ou permanent<\/li>\n\n\n\n<li>r\u00e9duit les cycles d\u2019institutionnalisation et de sans-abrisme que vivent les personnes ayant besoin d\u2019aide pour s\u2019occuper d\u2019un logement de fa\u00e7on autonome<\/li>\n<\/ul>\n\n\n\n<p>Le loyer de ces logements correspond \u00e0 environ 30% du revenu mensuel avant imp\u00f4t du m\u00e9nage. Il peut y avoir des co\u00fbts suppl\u00e9mentaires tels que les services publics et le stationnement.<\/p>\n\n\n\n<p>Si vous acceptez une unit\u00e9 de logement avec services de soutien, vous devez contacter le Registre pour mettre \u00e0 jour votre adresse dans votre demande de logement \u00e0 loyer index\u00e9 sur le revenu, qui demeurera active.<\/p>\n\n\n\n<p>La demande de logement avec services de soutien peut comporter des \u00e9tapes suppl\u00e9mentaires, selon les fournisseurs:<\/p>\n\n\n\n<h3 class=\"wp-block-heading\">Formulaires sp\u00e9ciaux<\/h3>\n\n\n\n<p>Les fournisseurs de logements avec services de soutien peuvent demander plus de d\u00e9tails sur vos besoins. Vous pouvez remplir ces formulaires en ligne ou en obtenir des copies \u00e0 notre bureau. Nous pouvons vous aider \u00e0 les remplir.<\/p>\n\n\n\n<h3 class=\"wp-block-heading\">Entrevue<\/h3>\n\n\n\n<p>Les fournisseurs de logements avec services de soutien peuvent souhaiter discuter avec vous de vos besoins personnels.<\/p>\n\n\n\n<h3 class=\"wp-block-heading\">R\u00e9f\u00e9rences<\/h3>\n\n\n\n<p>Les fournisseurs de logements avec services de soutien peuvent souhaiter parler \u00e0 des personnes de r\u00e9f\u00e9rence pour les aider \u00e0 d\u00e9terminer votre admissibilit\u00e9.<\/p>\n\n\n\n<p>Pour b\u00e9n\u00e9ficier d\u2019un logement avec services de soutien, vous devez remplir les <a href=\"#eligibility\" target=\"_blank\" rel=\"noreferrer noopener\">conditions d\u2019admissibilit\u00e9<\/a>, \u00e0 l\u2019exception du point 2.<\/p>\n\n\n\n<p>Les formulaires de demande sont disponibles <a href=\"https:\/\/housingregistry.ca\/wp-content\/uploads\/2025\/06\/Supportive-Housing-Fillable-Application-Form-FR-1.pdf\" target=\"_blank\" rel=\"noreferrer noopener\">ici<\/a> et aupr\u00e8s du Registre.<\/p>\n\n\n\n<section role=\"region\" id=\"accordion-block_8436d6cabc429c82c8792e01be5c5ef5\" class=\"accordion\">\n    \t\t<div class=\"collapse\">\n            \n\t\t\t<div class=\"collapsible\">\n                <h3>Fournisseurs de logements avec services de soutien:<\/h3>\n                                <div class=\"details\">\n                <ul>\n<li><a href=\"https:\/\/brucehouse.ca\/\" target=\"_blank\" rel=\"noopener\">Bruce House<\/a><\/li>\n<li>Canadian Mental Health Association (CMHA)<\/li>\n<li>Cornerstone<\/li>\n<li>Daybreak Housing<\/li>\n<li>John Howard Society<\/li>\n<li>Montfort Renaissance<\/li>\n<li>Options Bytown<\/li>\n<li>Ottawa Salus<\/li>\n<li>Personal Choice Independent Living (PCIL)<\/li>\n<li>Shepherds of Good Hope<\/li>\n<li>Tewegan Transitional House<\/li>\n<li>Youth Services Bureau<\/li>\n<\/ul>\n                <\/div>\n                            <\/div>\n\n\t\t\t\t\t<\/div>\n\t<\/section>","protected":false},"excerpt":{"rendered":"<p>Une cinquantaine de fournisseurs dans la r\u00e9gion d\u2019Ottawa proposent ce type de logements. Lorsque vous faites une demande de logement subventionn\u00e9 par l\u2019interm\u00e9diaire du Registre, vous pouvez indiquer les b\u00e2timents que vous pr\u00e9f\u00e9rez et vos besoins particuliers (taille du m\u00e9nage, exigences en mati\u00e8re d\u2019accessibilit\u00e9, etc.) Explorez le nouveau r\u00e9pertoire communautaire&#8230; <a class=\"read-more\" href=\"https:\/\/housingregistry.ca\/fr\/le-logement\/\">Read More<span class=\"hidden\"> about \u00ab\u00a0Le logement\u00a0\u00bb<\/span><\/a><\/p>\n","protected":false},"author":1,"featured_media":1357,"parent":0,"menu_order":40,"comment_status":"closed","ping_status":"closed","template":"","meta":{"footnotes":""},"class_list":["post-1428","page","type-page","status-publish","has-post-thumbnail","hentry"],"acf":[],"yoast_head":"<!-- This site is optimized with the Yoast SEO plugin v27.2 - https:\/\/yoast.com\/product\/yoast-seo-wordpress\/ -->\n<title>Location de logements \u00e0 loyer index\u00e9 sur le revenu, fournisseurs de logements RGI, logements RGI<\/title>\n<meta name=\"description\" content=\"Trois types de logements subventionn\u00e9s sont disponibles : Logement \u00e0 loyer index\u00e9 sur le revenu (RGI), Logement \u00e0 loyer inf\u00e9rieur au march\u00e9 (BMR), Logement avec services de soutien.\" \/>\n<meta name=\"robots\" content=\"index, follow, max-snippet:-1, max-image-preview:large, max-video-preview:-1\" \/>\n<link rel=\"canonical\" href=\"https:\/\/housingregistry.ca\/fr\/le-logement\/\" \/>\n<meta property=\"og:locale\" content=\"fr_FR\" \/>\n<meta property=\"og:type\" content=\"article\" \/>\n<meta property=\"og:title\" content=\"Location de logements \u00e0 loyer index\u00e9 sur le revenu, fournisseurs de logements RGI, logements RGI\" \/>\n<meta property=\"og:description\" content=\"Trois types de logements subventionn\u00e9s sont disponibles : Logement \u00e0 loyer index\u00e9 sur le revenu (RGI), Logement \u00e0 loyer inf\u00e9rieur au march\u00e9 (BMR), Logement avec services de soutien.\" \/>\n<meta property=\"og:url\" content=\"https:\/\/housingregistry.ca\/fr\/le-logement\/\" \/>\n<meta property=\"og:site_name\" content=\"Housing Registry of Ottawa\" \/>\n<meta property=\"article:modified_time\" content=\"2025-07-18T18:59:26+00:00\" \/>\n<meta property=\"og:image\" content=\"https:\/\/housingregistry.ca\/wp-content\/uploads\/2022\/12\/hero_housing_icon.png\" \/>\n\t<meta property=\"og:image:width\" content=\"564\" \/>\n\t<meta property=\"og:image:height\" content=\"362\" \/>\n\t<meta property=\"og:image:type\" content=\"image\/png\" \/>\n<meta name=\"twitter:card\" content=\"summary_large_image\" \/>\n<meta name=\"twitter:label1\" content=\"Dur\u00e9e de lecture estim\u00e9e\" \/>\n\t<meta name=\"twitter:data1\" content=\"5 minutes\" \/>\n<script type=\"application\/ld+json\" class=\"yoast-schema-graph\">{\"@context\":\"https:\/\/schema.org\",\"@graph\":[{\"@type\":\"WebPage\",\"@id\":\"https:\/\/housingregistry.ca\/fr\/le-logement\/\",\"url\":\"https:\/\/housingregistry.ca\/fr\/le-logement\/\",\"name\":\"Location de logements \u00e0 loyer index\u00e9 sur le revenu, fournisseurs de logements RGI, logements RGI\",\"isPartOf\":{\"@id\":\"https:\/\/housingregistry.ca\/#website\"},\"primaryImageOfPage\":{\"@id\":\"https:\/\/housingregistry.ca\/fr\/le-logement\/#primaryimage\"},\"image\":{\"@id\":\"https:\/\/housingregistry.ca\/fr\/le-logement\/#primaryimage\"},\"thumbnailUrl\":\"https:\/\/housingregistry.ca\/wp-content\/uploads\/2022\/12\/hero_housing_icon.png\",\"datePublished\":\"2022-11-29T19:48:20+00:00\",\"dateModified\":\"2025-07-18T18:59:26+00:00\",\"description\":\"Trois types de logements subventionn\u00e9s sont disponibles : Logement \u00e0 loyer index\u00e9 sur le revenu (RGI), Logement \u00e0 loyer inf\u00e9rieur au march\u00e9 (BMR), Logement avec services de soutien.\",\"breadcrumb\":{\"@id\":\"https:\/\/housingregistry.ca\/fr\/le-logement\/#breadcrumb\"},\"inLanguage\":\"fr-FR\",\"potentialAction\":[{\"@type\":\"ReadAction\",\"target\":[\"https:\/\/housingregistry.ca\/fr\/le-logement\/\"]}]},{\"@type\":\"ImageObject\",\"inLanguage\":\"fr-FR\",\"@id\":\"https:\/\/housingregistry.ca\/fr\/le-logement\/#primaryimage\",\"url\":\"https:\/\/housingregistry.ca\/wp-content\/uploads\/2022\/12\/hero_housing_icon.png\",\"contentUrl\":\"https:\/\/housingregistry.ca\/wp-content\/uploads\/2022\/12\/hero_housing_icon.png\",\"width\":564,\"height\":362,\"caption\":\"Illustration of 2 people chatting.\"},{\"@type\":\"BreadcrumbList\",\"@id\":\"https:\/\/housingregistry.ca\/fr\/le-logement\/#breadcrumb\",\"itemListElement\":[{\"@type\":\"ListItem\",\"position\":1,\"name\":\"Home\",\"item\":\"https:\/\/housingregistry.ca\/fr\/\"},{\"@type\":\"ListItem\",\"position\":2,\"name\":\"Le logement\"}]},{\"@type\":\"WebSite\",\"@id\":\"https:\/\/housingregistry.ca\/#website\",\"url\":\"https:\/\/housingregistry.ca\/\",\"name\":\"Housing Registry of Ottawa\",\"description\":\"Social Housing Registry\",\"publisher\":{\"@id\":\"https:\/\/housingregistry.ca\/#organization\"},\"potentialAction\":[{\"@type\":\"SearchAction\",\"target\":{\"@type\":\"EntryPoint\",\"urlTemplate\":\"https:\/\/housingregistry.ca\/?s={search_term_string}\"},\"query-input\":{\"@type\":\"PropertyValueSpecification\",\"valueRequired\":true,\"valueName\":\"search_term_string\"}}],\"inLanguage\":\"fr-FR\"},{\"@type\":\"Organization\",\"@id\":\"https:\/\/housingregistry.ca\/#organization\",\"name\":\"Housing Registry of Ottawa\",\"url\":\"https:\/\/housingregistry.ca\/\",\"logo\":{\"@type\":\"ImageObject\",\"inLanguage\":\"fr-FR\",\"@id\":\"https:\/\/housingregistry.ca\/#\/schema\/logo\/image\/\",\"url\":\"https:\/\/housingregistry.ca\/wp-content\/uploads\/2022\/10\/UA_wordmark-black.png\",\"contentUrl\":\"https:\/\/housingregistry.ca\/wp-content\/uploads\/2022\/10\/UA_wordmark-black.png\",\"width\":1000,\"height\":355,\"caption\":\"Housing Registry of Ottawa\"},\"image\":{\"@id\":\"https:\/\/housingregistry.ca\/#\/schema\/logo\/image\/\"}}]}<\/script>\n<!-- \/ Yoast SEO plugin. -->","yoast_head_json":{"title":"Location de logements \u00e0 loyer index\u00e9 sur le revenu, fournisseurs de logements RGI, logements RGI","description":"Trois types de logements subventionn\u00e9s sont disponibles : Logement \u00e0 loyer index\u00e9 sur le revenu (RGI), Logement \u00e0 loyer inf\u00e9rieur au march\u00e9 (BMR), Logement avec services de soutien.","robots":{"index":"index","follow":"follow","max-snippet":"max-snippet:-1","max-image-preview":"max-image-preview:large","max-video-preview":"max-video-preview:-1"},"canonical":"https:\/\/housingregistry.ca\/fr\/le-logement\/","og_locale":"fr_FR","og_type":"article","og_title":"Location de logements \u00e0 loyer index\u00e9 sur le revenu, fournisseurs de logements RGI, logements RGI","og_description":"Trois types de logements subventionn\u00e9s sont disponibles : Logement \u00e0 loyer index\u00e9 sur le revenu (RGI), Logement \u00e0 loyer inf\u00e9rieur au march\u00e9 (BMR), Logement avec services de soutien.","og_url":"https:\/\/housingregistry.ca\/fr\/le-logement\/","og_site_name":"Housing Registry of Ottawa","article_modified_time":"2025-07-18T18:59:26+00:00","og_image":[{"width":564,"height":362,"url":"https:\/\/housingregistry.ca\/wp-content\/uploads\/2022\/12\/hero_housing_icon.png","type":"image\/png"}],"twitter_card":"summary_large_image","twitter_misc":{"Dur\u00e9e de lecture estim\u00e9e":"5 minutes"},"schema":{"@context":"https:\/\/schema.org","@graph":[{"@type":"WebPage","@id":"https:\/\/housingregistry.ca\/fr\/le-logement\/","url":"https:\/\/housingregistry.ca\/fr\/le-logement\/","name":"Location de logements \u00e0 loyer index\u00e9 sur le revenu, fournisseurs de logements RGI, logements RGI","isPartOf":{"@id":"https:\/\/housingregistry.ca\/#website"},"primaryImageOfPage":{"@id":"https:\/\/housingregistry.ca\/fr\/le-logement\/#primaryimage"},"image":{"@id":"https:\/\/housingregistry.ca\/fr\/le-logement\/#primaryimage"},"thumbnailUrl":"https:\/\/housingregistry.ca\/wp-content\/uploads\/2022\/12\/hero_housing_icon.png","datePublished":"2022-11-29T19:48:20+00:00","dateModified":"2025-07-18T18:59:26+00:00","description":"Trois types de logements subventionn\u00e9s sont disponibles : Logement \u00e0 loyer index\u00e9 sur le revenu (RGI), Logement \u00e0 loyer inf\u00e9rieur au march\u00e9 (BMR), Logement avec services de soutien.","breadcrumb":{"@id":"https:\/\/housingregistry.ca\/fr\/le-logement\/#breadcrumb"},"inLanguage":"fr-FR","potentialAction":[{"@type":"ReadAction","target":["https:\/\/housingregistry.ca\/fr\/le-logement\/"]}]},{"@type":"ImageObject","inLanguage":"fr-FR","@id":"https:\/\/housingregistry.ca\/fr\/le-logement\/#primaryimage","url":"https:\/\/housingregistry.ca\/wp-content\/uploads\/2022\/12\/hero_housing_icon.png","contentUrl":"https:\/\/housingregistry.ca\/wp-content\/uploads\/2022\/12\/hero_housing_icon.png","width":564,"height":362,"caption":"Illustration of 2 people chatting."},{"@type":"BreadcrumbList","@id":"https:\/\/housingregistry.ca\/fr\/le-logement\/#breadcrumb","itemListElement":[{"@type":"ListItem","position":1,"name":"Home","item":"https:\/\/housingregistry.ca\/fr\/"},{"@type":"ListItem","position":2,"name":"Le logement"}]},{"@type":"WebSite","@id":"https:\/\/housingregistry.ca\/#website","url":"https:\/\/housingregistry.ca\/","name":"Housing Registry of Ottawa","description":"Social Housing Registry","publisher":{"@id":"https:\/\/housingregistry.ca\/#organization"},"potentialAction":[{"@type":"SearchAction","target":{"@type":"EntryPoint","urlTemplate":"https:\/\/housingregistry.ca\/?s={search_term_string}"},"query-input":{"@type":"PropertyValueSpecification","valueRequired":true,"valueName":"search_term_string"}}],"inLanguage":"fr-FR"},{"@type":"Organization","@id":"https:\/\/housingregistry.ca\/#organization","name":"Housing Registry of Ottawa","url":"https:\/\/housingregistry.ca\/","logo":{"@type":"ImageObject","inLanguage":"fr-FR","@id":"https:\/\/housingregistry.ca\/#\/schema\/logo\/image\/","url":"https:\/\/housingregistry.ca\/wp-content\/uploads\/2022\/10\/UA_wordmark-black.png","contentUrl":"https:\/\/housingregistry.ca\/wp-content\/uploads\/2022\/10\/UA_wordmark-black.png","width":1000,"height":355,"caption":"Housing Registry of Ottawa"},"image":{"@id":"https:\/\/housingregistry.ca\/#\/schema\/logo\/image\/"}}]}},"_links":{"self":[{"href":"https:\/\/housingregistry.ca\/fr\/wp-json\/wp\/v2\/pages\/1428","targetHints":{"allow":["GET"]}}],"collection":[{"href":"https:\/\/housingregistry.ca\/fr\/wp-json\/wp\/v2\/pages"}],"about":[{"href":"https:\/\/housingregistry.ca\/fr\/wp-json\/wp\/v2\/types\/page"}],"author":[{"embeddable":true,"href":"https:\/\/housingregistry.ca\/fr\/wp-json\/wp\/v2\/users\/1"}],"replies":[{"embeddable":true,"href":"https:\/\/housingregistry.ca\/fr\/wp-json\/wp\/v2\/comments?post=1428"}],"version-history":[{"count":36,"href":"https:\/\/housingregistry.ca\/fr\/wp-json\/wp\/v2\/pages\/1428\/revisions"}],"predecessor-version":[{"id":2384,"href":"https:\/\/housingregistry.ca\/fr\/wp-json\/wp\/v2\/pages\/1428\/revisions\/2384"}],"wp:featuredmedia":[{"embeddable":true,"href":"https:\/\/housingregistry.ca\/fr\/wp-json\/wp\/v2\/media\/1357"}],"wp:attachment":[{"href":"https:\/\/housingregistry.ca\/fr\/wp-json\/wp\/v2\/media?parent=1428"}],"curies":[{"name":"wp","href":"https:\/\/api.w.org\/{rel}","templated":true}]}}