{"id":1432,"date":"2022-11-29T11:48:32","date_gmt":"2022-11-29T19:48:32","guid":{"rendered":"https:\/\/housingregistry.ca\/les-formulaires-postuler-maintenant\/"},"modified":"2026-01-20T05:57:17","modified_gmt":"2026-01-20T13:57:17","slug":"les-formulaires","status":"publish","type":"page","link":"https:\/\/housingregistry.ca\/fr\/les-formulaires\/","title":{"rendered":"Les formulaires"},"content":{"rendered":"\n<p>Tout ce dont vous avez besoin pour soumettre une demande de logement subventionn\u00e9 \u00e0 Ottawa:<\/p>\n\n\n\n<ul class=\"wp-block-list\">\n<li><a href=\"#before-submitting\">Avant de soumettre votre demande<\/a><\/li>\n\n\n\n<li><a href=\"#while-completing\">En remplissant le formulaire de demande<\/a><\/li>\n\n\n\n<li><a href=\"#after-completing\">Apr\u00e8s avoir rempli le formulaire de demande<\/a><\/li>\n\n\n\n<li><a href=\"#application-forms\">Formulaires de demande<\/a><\/li>\n<\/ul>\n\n\n\n<h2 class=\"wp-block-heading\" id=\"before-submitting\">Avant de soumettre votre demande<\/h2>\n\n\n\n<ol class=\"wp-block-list\">\n<li>Assurez-vous que vous remplissez les <a href=\"https:\/\/housingregistry.ca\/fr\/le-processus\/#eligibility\">conditions d\u2019admissibilit\u00e9<\/a><\/li>\n\n\n\n<li>Examiner le fonctionnement du <a href=\"https:\/\/housingregistry.ca\/fr\/le-processus\/\">processus<\/a><\/li>\n\n\n\n<li>V\u00e9rifiez si vous pouvez b\u00e9n\u00e9ficier d\u2019une <a href=\"https:\/\/housingregistry.ca\/fr\/le-processus\/#priorities\/\">priorit\u00e9 assign\u00e9e<\/a> <\/li>\n\n\n\n<li>R\u00e9fl\u00e9chissez bien \u00e0 vos besoins sp\u00e9cifiques en mati\u00e8re de logement et aux quartiers de la ville dans lesquels vous souhaitez vivre<\/li>\n\n\n\n<li>Si vous avez besoin d\u2019un\u00b7e interpr\u00e8te pour vous aider dans cette d\u00e9marche, pr\u00e9parez son nom et ses coordonn\u00e9es pour le formulaire<\/li>\n<\/ol>\n\n\n\n<h3 class=\"wp-block-heading\">Ce que vous devez soumettre avec le formulaire de demande:<\/h3>\n\n\n\n<ul class=\"wp-block-list\">\n<li>num\u00e9risation ou photocopie de l\u2019une des formes d\u2019identification accept\u00e9es* comme preuve de r\u00e9sidence canadienne pour tous les membres de votre m\u00e9nage<\/li>\n\n\n\n<li>num\u00e9risation ou photocopie prouvant l\u2019une des formes accept\u00e9es de revenus actuels** pour tous les membres de votre m\u00e9nage \u00e2g\u00e9s de 18 ans ou plus<\/li>\n\n\n\n<li>signatures de tous les membres de votre m\u00e9nage \u00e2g\u00e9s de 16 ans ou plus<\/li>\n<\/ul>\n\n\n\n<h4 class=\"wp-block-heading\">* Formes d\u2019identification accept\u00e9es:<\/h4>\n\n\n\n<ul class=\"wp-block-list\">\n<li>certificat de naissance canadien<\/li>\n\n\n\n<li>preuve de naissance vivante au Canada ou d\u2019enregistrement (pour un enfant de moins de 2 ans)<\/li>\n\n\n\n<li>acte de naissance \u00e0 l\u2019h\u00f4pital<\/li>\n\n\n\n<li>documentation de Citoyennet\u00e9 et Immigration Canada reconnaissant la demande de statut permanent au Canada<\/li>\n\n\n\n<li>certificat de citoyennet\u00e9 canadienne<\/li>\n\n\n\n<li>statut de bande indienne inscrite (autochtone)<\/li>\n\n\n\n<li>passeport canadien valide<\/li>\n\n\n\n<li>carte de r\u00e9sidence permanente, y compris la date d\u2019arriv\u00e9e<\/li>\n\n\n\n<li>certificat de bapt\u00eame du Qu\u00e9bec et de Terre-Neuve<\/li>\n\n\n\n<li>documents d\u2019immigration indiquant le statut de r\u00e9fugi\u00e9 ou de demandeur d\u2019asile au sens de la convention<\/li>\n\n\n\n<li>documents d\u2019immigration indiquant le statut de r\u00e9fugi\u00e9 ou de demandeur d\u2019asile au sens de la convention<\/li>\n\n\n\n<li>carte d\u2019assurance sociale (facultatif) <strong>Remarque : les num\u00e9ros d&rsquo;assurance sociale (NAS) commen\u00e7ant par le chiffre \u00ab 9 \u00bb ne sont pas accept\u00e9s.<\/strong><\/li>\n<\/ul>\n\n\n\n<h3 class=\"wp-block-heading\">** Qu\u2019entendons-nous par \u00ab revenu \u00bb?<\/h3>\n\n\n\n<p>Tous les salaires, avantages et gains de toute nature et de toute source.<\/p>\n\n\n\n<p>Le \u00ab revenu brut du m\u00e9nage \u00bb est le total de tous les revenus de chaque membre du m\u00e9nage \u00e2g\u00e9 de 18 ans ou plus qui est cens\u00e9 vivre dans le logement que vous demandez.<\/p>\n\n\n\n<h4 class=\"wp-block-heading\">Formes de revenu accept\u00e9es (doivent \u00eatre actuelles):<\/h4>\n\n\n\n<ul class=\"wp-block-list\">\n<li>avis de cotisation de l\u2019ARC (Agence du revenu du Canada) \u2192 pr\u00e9f\u00e9rable<\/li>\n\n\n\n<li>relev\u00e9 complet d\u2019Ontario au travail ou du POSPH (Programme ontarien de soutien aux personnes handicap\u00e9es)<\/li>\n\n\n\n<li>bulletin de paie<\/li>\n\n\n\n<li>lettre de l\u2019employeur<\/li>\n<\/ul>\n\n\n\n<hr class=\"wp-block-separator has-text-color has-teal-color has-alpha-channel-opacity has-teal-background-color has-background is-style-wide\"\/>\n\n\n\n<h2 class=\"wp-block-heading\" id=\"while-completing\"> En remplissant le formulaire de demande<\/h2>\n\n\n\n<ul class=\"wp-block-list\">\n<li><strong>Lisez<\/strong> attentivement les directives<\/li>\n\n\n\n<li><strong>Dites la v\u00e9rit\u00e9<\/strong><\/li>\n\n\n\n<li><strong>R\u00e9pondez \u00e0 toutes les questions<\/strong> (les demandes incompl\u00e8tes ou ne comportant pas les documents d\u2019accompagnement requis ne seront pas examin\u00e9es)<\/li>\n\n\n\n<li><strong><a href=\"https:\/\/housingregistry.ca\/fr\/contactez\/\">Contactez-nous<\/a><\/strong> pour toute question ou pour obtenir de l\u2019aide<\/li>\n<\/ul>\n\n\n\n<p>Si vous pensez remplir les conditions d\u2019une <a href=\"https:\/\/housingregistry.ca\/fr\/le-processus\/#priorities\/\">priorit\u00e9 assign\u00e9e<\/a> pour un logement subventionn\u00e9, veuillez l\u2019indiquer dans les sections pertinentes du formulaire de demande. Nous vous contacterons directement pour discuter de votre situation et \u00e9ventuellement obtenir d\u2019autres documents, comme une lettre d\u2019une personne occupant l\u2019un des <a href=\"https:\/\/housingregistry.ca\/fr\/le-processus\/#priorities\/\">r\u00f4les professionnels \u00e9num\u00e9r\u00e9s ici.<\/a><\/p>\n\n\n\n<hr class=\"wp-block-separator has-text-color has-lightblue-color has-alpha-channel-opacity has-lightblue-background-color has-background is-style-wide\"\/>\n\n\n\n<h2 class=\"wp-block-heading\" id=\"after-completing\">Apr\u00e8s avoir rempli le formulaire de demande<\/h2>\n\n\n\n<p>Nous faisons de notre mieux pour examiner les demandes dans les 7 \u00e0 14 jours ouvrables suivant leur envoi. Elles sont examin\u00e9es dans l\u2019ordre o\u00f9 elles sont re\u00e7ues, en fonction de la date de soumission.<\/p>\n\n\n\n<p>Si des documents ou des informations suppl\u00e9mentaires sont n\u00e9cessaires, nous vous contacterons par t\u00e9l\u00e9phone ou par courrier.<\/p>\n\n\n\n<p>Pour appuyer votre demande de logement subventionn\u00e9 \u00e0 Ottawa, on pourrait \u00e9ventuellement vous demander de pr\u00e9senter des revenus provenant d\u2019une ou de plusieurs des sources suivantes: Nous vous tiendrons au courant.<\/p>\n\n\n\n<ul class=\"wp-block-list\">\n<li>Ontario au travail<\/li>\n\n\n\n<li>assurance emploi<\/li>\n\n\n\n<li>paiements de soutien<\/li>\n\n\n\n<li>paiements de pension ou de soutien li\u00e9s \u00e0 un accord de parrainage<\/li>\n<\/ul>\n\n\n\n<p>Consultez la rubrique <a href=\"https:\/\/housingregistry.ca\/fr\/le-processus\/#expect\">\u00c0 quoi vous attendre apr\u00e8s avoir postul\u00e9<\/a><\/p>\n\n\n\n<hr class=\"wp-block-separator has-text-color has-green-color has-alpha-channel-opacity has-green-background-color has-background is-style-wide\"\/>\n\n\n\n<h2 class=\"wp-block-heading\" id=\"application-forms\">Formulaires de demande<\/h2>\n\n\n\n<p>Les deux principaux formulaires de demande de logement subventionn\u00e9 \u00e0 Ottawa concernent les logements \u00e0 loyer index\u00e9 sur le revenu (LIR) et Logement Abordable (LA).<\/p>\n\n\n<div class=\"wp-block-image\">\n<figure class=\"alignleft is-resized\"><img loading=\"lazy\" decoding=\"async\" width=\"75\" height=\"91\" src=\"https:\/\/housingregistry.ca\/wp-content\/uploads\/2022\/12\/read-icon.png\" alt=\"L'ic\u00f4ne de la feuille de papier\" class=\"wp-image-1091\" style=\"width:50px\"\/><\/figure>\n<\/div>\n\n\n<h2 class=\"wp-block-heading\">Demande de logement LIR (loyer index\u00e9 sur le revenu) \u00e0 Ottawa<\/h2>\n\n\n\n<p>Veuillez remplir <a href=\"https:\/\/housingregistry.ca\/wp-content\/uploads\/2026\/01\/RGI-Fillable-Application-Form-FR-01_2026.pdf\" target=\"_blank\" rel=\"noreferrer noopener\">ce formulaire<\/a> \u00e0 l\u2019\u00e9cran, l\u2019enregistrer, puis l\u2019imprimer pour le soumettre; ou l\u2019imprimer pour le remplir \u00e0 la main. N\u2019oubliez pas d\u2019attacher:<\/p>\n\n\n\n<ol class=\"wp-block-list\">\n<li>preuve de r\u00e9sidence (pi\u00e8ce d\u2019identit\u00e9)<\/li>\n\n\n\n<li>preuve de revenus actuels pour tous les membres de votre m\u00e9nage \u00e2g\u00e9s de 18 ans ou plus<\/li>\n<\/ol>\n\n\n\n<p>Vous pouvez envoyer le formulaire de demande par courrier <strong>ou<\/strong> le d\u00e9poser en personne \u00e0 l&rsquo;adresse suivante:<\/p>\n\n\n\n<p>Centre d\u2019enregistrement pour les logements sociaux<br>Bureau 110, 240 rue Catherine<br>Ottawa, ON K2P 2G8<\/p>\n\n\n\n<p>Les demandes sur papier sont \u00e9galement disponibles au bureau d&rsquo;enregistrement (localisation de la rue Catherine) et dans divers organismes d&rsquo;aide au logement d&rsquo;Ottawa.<\/p>\n\n\n\n<p>Nous n\u2019acceptons pas les demandes par fax.<\/p>\n\n\n\n<hr class=\"wp-block-separator has-text-color has-lightblue-color has-alpha-channel-opacity has-lightblue-background-color has-background is-style-dots\"\/>\n\n\n<div class=\"wp-block-image\">\n<figure class=\"alignleft is-resized\"><img loading=\"lazy\" decoding=\"async\" width=\"75\" height=\"91\" src=\"https:\/\/housingregistry.ca\/wp-content\/uploads\/2022\/12\/read-icon.png\" alt=\"L'ic\u00f4ne de la feuille de papier\" class=\"wp-image-1091\" style=\"width:50px\"\/><\/figure>\n<\/div>\n\n\n<h2 class=\"wp-block-heading\">Demande de logement abordable \u00e0 Ottawa-qui comprend le programme de loyers inf\u00e9rieurs au march\u00e9 (BMR)<\/h2>\n\n\n\n<p><\/p>\n\n\n\n<p>Veuillez remplir <a href=\"https:\/\/housingregistry.ca\/wp-content\/uploads\/2026\/01\/Affordable-Housing-Fillable-Application-Form-FR-01-2026.pdf\">ce formulaire<\/a> \u00e0 l\u2019\u00e9cran, l\u2019enregistrer, puis l\u2019imprimer pour le soumettre; ou l\u2019imprimer pour le remplir \u00e0 la main. N\u2019oubliez pas d\u2019attacher:<\/p>\n\n\n\n<ol class=\"wp-block-list\">\n<li>preuve de r\u00e9sidence (pi\u00e8ce d\u2019identit\u00e9)<\/li>\n\n\n\n<li>preuve de revenus actuels pour tous les membres de votre m\u00e9nage \u00e2g\u00e9s de 18 ans ou plus<\/li>\n<\/ol>\n\n\n\n<p>Vous pouvez envoyer le formulaire de demande par courrier <strong>ou<\/strong> le d\u00e9poser en personne \u00e0 l&rsquo;adresse suivante:<\/p>\n\n\n\n<p>Centre d\u2019enregistrement pour les logements sociaux<br>bureau 110, rue Catherine<br>Ottawa, ON K2P 2G8<\/p>\n\n\n\n<p>Les demandes sur papier sont \u00e9galement disponibles au bureau d&rsquo;enregistrement (localisation de la rue Catherine) et dans divers organismes d&rsquo;aide au logement d&rsquo;Ottawa.<\/p>\n\n\n\n<p>Nous n\u2019acceptons pas les demandes par fax.<\/p>\n\n\n<div class=\"wp-block-image\">\n<figure class=\"alignleft is-resized\"><img loading=\"lazy\" decoding=\"async\" width=\"75\" height=\"91\" src=\"https:\/\/housingregistry.ca\/wp-content\/uploads\/2022\/12\/read-icon.png\" alt=\"L'ic\u00f4ne de la feuille de papier\" class=\"wp-image-1091\" style=\"width:50px\"\/><\/figure>\n<\/div>\n\n\n<h2 class=\"wp-block-heading\">Demande de logement en milieu de soutien \u00e0 Ottawa<\/h2>\n\n\n\n<p>Veuillez remplir ce <a href=\"https:\/\/housingregistry.ca\/wp-content\/uploads\/2025\/06\/Supportive-Housing-Fillable-Application-Form-FR-1.pdf\" target=\"_blank\" rel=\"noreferrer noopener\">formulaire<\/a> \u00e0 l\u2019\u00e9cran, l\u2019enregistrer, puis l\u2019imprimer pour le soumettre; ou l\u2019imprimer pour le remplir \u00e0 la main. N\u2019oubliez pas d\u2019attacher:<\/p>\n\n\n\n<ol class=\"wp-block-list\">\n<li>preuve de r\u00e9sidence (pi\u00e8ce d\u2019identit\u00e9)<\/li>\n\n\n\n<li>preuve de revenus actuels pour tous les membres de votre m\u00e9nage \u00e2g\u00e9s de 18 ans ou plus<\/li>\n<\/ol>\n\n\n\n<p>Vous pouvez envoyer le formulaire de demande par courrier <strong>ou<\/strong> le d\u00e9poser en personne \u00e0 l&rsquo;adresse suivante:<\/p>\n\n\n\n<p>Centre d\u2019enregistrement pour les logements sociaux<br>Bureau 110, 240 rue Catherine<br>Ottawa, ON K2P 2G8<\/p>\n\n\n\n<p>Les demandes sur papier sont \u00e9galement disponibles au bureau d&rsquo;enregistrement (localisation de la rue Catherine) et dans divers organismes d&rsquo;aide au logement d&rsquo;Ottawa.<\/p>\n\n\n\n<p>Nous n\u2019acceptons pas les demandes par fax.<\/p>\n\n\n\n<hr class=\"wp-block-separator has-text-color has-lightblue-color has-alpha-channel-opacity has-lightblue-background-color has-background is-style-dots\"\/>\n\n\n<div class=\"wp-block-image\">\n<figure class=\"alignleft is-resized\"><img loading=\"lazy\" decoding=\"async\" width=\"75\" height=\"91\" src=\"https:\/\/housingregistry.ca\/wp-content\/uploads\/2022\/12\/read-icon.png\" alt=\"L'ic\u00f4ne de la feuille de papier\" class=\"wp-image-1091\" style=\"width:50px\"\/><\/figure>\n<\/div>\n\n\n<p><strong>Autres formulaires<\/strong><\/p>\n\n\n\n<div class=\"wp-block-group is-vertical is-layout-flex wp-container-core-group-is-layout-8cf370e7 wp-block-group-is-layout-flex\">\n<p><a href=\"https:\/\/housingregistry.ca\/wp-content\/uploads\/2025\/06\/Demande-de-statut-pour-condition-medicale-grave-qui-menance-la-vie-Fr.pdf\" target=\"_blank\" rel=\"noreferrer noopener\">Condition m\u00e9dicale mettant la vie en danger<\/a><\/p>\n\n\n\n<p><a href=\"https:\/\/housingregistry.ca\/wp-content\/uploads\/2025\/07\/Modified-Accessible-Questionnaire-FR-07-2025.pdf\" target=\"_blank\" rel=\"noreferrer noopener\">Formulaire d&rsquo;unit\u00e9 accessible\/modifi\u00e9e<\/a><\/p>\n\n\n\n<p><a href=\"https:\/\/housingregistry.ca\/wp-content\/uploads\/2025\/11\/Formulaire-pour-une-chambre-additionelle-Fr.pdf\" target=\"_blank\" rel=\"noreferrer noopener\">Chambre Additionnelle<\/a><\/p>\n<\/div>\n\n\n\n<p class=\"has-black-color has-green-background-color has-text-color has-background\"><strong>\u00c0 l&rsquo;attention des agents d&rsquo;aide au logement<\/strong> : Pour les demandeurs qui ne sont pas en mesure d&rsquo;acc\u00e9der aux explications sur les types de logement sur ce site Web, veuillez <a href=\"https:\/\/housingregistry.ca\/wp-content\/uploads\/2023\/01\/Supplement-FR-2.pdf\">imprimer cette page<\/a> pour accompagner les formulaires de demande de logement RGI (loyer proportionn\u00e9 au revenu) et LA (logement abordable).<\/p>\n","protected":false},"excerpt":{"rendered":"<p>Tout ce dont vous avez besoin pour soumettre une demande de logement subventionn\u00e9 \u00e0 Ottawa: Avant de soumettre votre demande Ce que vous devez soumettre avec le formulaire de demande: * Formes d\u2019identification accept\u00e9es: ** Qu\u2019entendons-nous par \u00ab revenu \u00bb? Tous les salaires, avantages et gains de toute nature et&#8230; <a class=\"read-more\" href=\"https:\/\/housingregistry.ca\/fr\/les-formulaires\/\">Read More<span class=\"hidden\"> about \u00ab\u00a0Les formulaires\u00a0\u00bb<\/span><\/a><\/p>\n","protected":false},"author":1,"featured_media":1353,"parent":0,"menu_order":50,"comment_status":"closed","ping_status":"closed","template":"","meta":{"footnotes":""},"class_list":["post-1432","page","type-page","status-publish","has-post-thumbnail","hentry"],"acf":[],"yoast_head":"<!-- This site is optimized with the Yoast SEO plugin v27.2 - https:\/\/yoast.com\/product\/yoast-seo-wordpress\/ -->\n<title>Logement subventionn\u00e9 - Faire une demande maintenant, Registre du logement d&#039;Ottawa, aide<\/title>\n<meta name=\"description\" content=\"Faites une demande de logement subventionn\u00e9 d\u00e8s maintenant. Les formulaires et tout ce dont vous avez besoin pour introduire une demande de logement subventionn\u00e9 sont pr\u00e9sent\u00e9s ici.\" \/>\n<meta name=\"robots\" content=\"index, follow, max-snippet:-1, max-image-preview:large, max-video-preview:-1\" \/>\n<link rel=\"canonical\" href=\"https:\/\/housingregistry.ca\/fr\/les-formulaires\/\" \/>\n<meta property=\"og:locale\" content=\"fr_FR\" \/>\n<meta property=\"og:type\" content=\"article\" \/>\n<meta property=\"og:title\" content=\"Logement subventionn\u00e9 - Faire une demande maintenant, Registre du logement d&#039;Ottawa, aide\" \/>\n<meta property=\"og:description\" content=\"Faites une demande de logement subventionn\u00e9 d\u00e8s maintenant. Les formulaires et tout ce dont vous avez besoin pour introduire une demande de logement subventionn\u00e9 sont pr\u00e9sent\u00e9s ici.\" \/>\n<meta property=\"og:url\" content=\"https:\/\/housingregistry.ca\/fr\/les-formulaires\/\" \/>\n<meta property=\"og:site_name\" content=\"Housing Registry of Ottawa\" \/>\n<meta property=\"article:modified_time\" content=\"2026-01-20T13:57:17+00:00\" \/>\n<meta property=\"og:image\" content=\"https:\/\/housingregistry.ca\/wp-content\/uploads\/2022\/12\/hero_mobility.png\" \/>\n\t<meta property=\"og:image:width\" content=\"532\" \/>\n\t<meta property=\"og:image:height\" content=\"366\" \/>\n\t<meta property=\"og:image:type\" content=\"image\/png\" \/>\n<meta name=\"twitter:card\" content=\"summary_large_image\" \/>\n<meta name=\"twitter:label1\" content=\"Dur\u00e9e de lecture estim\u00e9e\" \/>\n\t<meta name=\"twitter:data1\" content=\"6 minutes\" \/>\n<script type=\"application\/ld+json\" class=\"yoast-schema-graph\">{\"@context\":\"https:\/\/schema.org\",\"@graph\":[{\"@type\":\"WebPage\",\"@id\":\"https:\/\/housingregistry.ca\/fr\/les-formulaires\/\",\"url\":\"https:\/\/housingregistry.ca\/fr\/les-formulaires\/\",\"name\":\"Logement subventionn\u00e9 - Faire une demande maintenant, Registre du logement d'Ottawa, aide\",\"isPartOf\":{\"@id\":\"https:\/\/housingregistry.ca\/#website\"},\"primaryImageOfPage\":{\"@id\":\"https:\/\/housingregistry.ca\/fr\/les-formulaires\/#primaryimage\"},\"image\":{\"@id\":\"https:\/\/housingregistry.ca\/fr\/les-formulaires\/#primaryimage\"},\"thumbnailUrl\":\"https:\/\/housingregistry.ca\/wp-content\/uploads\/2022\/12\/hero_mobility.png\",\"datePublished\":\"2022-11-29T19:48:32+00:00\",\"dateModified\":\"2026-01-20T13:57:17+00:00\",\"description\":\"Faites une demande de logement subventionn\u00e9 d\u00e8s maintenant. Les formulaires et tout ce dont vous avez besoin pour introduire une demande de logement subventionn\u00e9 sont pr\u00e9sent\u00e9s ici.\",\"breadcrumb\":{\"@id\":\"https:\/\/housingregistry.ca\/fr\/les-formulaires\/#breadcrumb\"},\"inLanguage\":\"fr-FR\",\"potentialAction\":[{\"@type\":\"ReadAction\",\"target\":[\"https:\/\/housingregistry.ca\/fr\/les-formulaires\/\"]}]},{\"@type\":\"ImageObject\",\"inLanguage\":\"fr-FR\",\"@id\":\"https:\/\/housingregistry.ca\/fr\/les-formulaires\/#primaryimage\",\"url\":\"https:\/\/housingregistry.ca\/wp-content\/uploads\/2022\/12\/hero_mobility.png\",\"contentUrl\":\"https:\/\/housingregistry.ca\/wp-content\/uploads\/2022\/12\/hero_mobility.png\",\"width\":532,\"height\":366,\"caption\":\"Illustration of a woman on a mobility device.\"},{\"@type\":\"BreadcrumbList\",\"@id\":\"https:\/\/housingregistry.ca\/fr\/les-formulaires\/#breadcrumb\",\"itemListElement\":[{\"@type\":\"ListItem\",\"position\":1,\"name\":\"Home\",\"item\":\"https:\/\/housingregistry.ca\/fr\/\"},{\"@type\":\"ListItem\",\"position\":2,\"name\":\"Les formulaires\"}]},{\"@type\":\"WebSite\",\"@id\":\"https:\/\/housingregistry.ca\/#website\",\"url\":\"https:\/\/housingregistry.ca\/\",\"name\":\"Housing Registry of Ottawa\",\"description\":\"Social Housing Registry\",\"publisher\":{\"@id\":\"https:\/\/housingregistry.ca\/#organization\"},\"potentialAction\":[{\"@type\":\"SearchAction\",\"target\":{\"@type\":\"EntryPoint\",\"urlTemplate\":\"https:\/\/housingregistry.ca\/?s={search_term_string}\"},\"query-input\":{\"@type\":\"PropertyValueSpecification\",\"valueRequired\":true,\"valueName\":\"search_term_string\"}}],\"inLanguage\":\"fr-FR\"},{\"@type\":\"Organization\",\"@id\":\"https:\/\/housingregistry.ca\/#organization\",\"name\":\"Housing Registry of Ottawa\",\"url\":\"https:\/\/housingregistry.ca\/\",\"logo\":{\"@type\":\"ImageObject\",\"inLanguage\":\"fr-FR\",\"@id\":\"https:\/\/housingregistry.ca\/#\/schema\/logo\/image\/\",\"url\":\"https:\/\/housingregistry.ca\/wp-content\/uploads\/2022\/10\/UA_wordmark-black.png\",\"contentUrl\":\"https:\/\/housingregistry.ca\/wp-content\/uploads\/2022\/10\/UA_wordmark-black.png\",\"width\":1000,\"height\":355,\"caption\":\"Housing Registry of Ottawa\"},\"image\":{\"@id\":\"https:\/\/housingregistry.ca\/#\/schema\/logo\/image\/\"}}]}<\/script>\n<!-- \/ Yoast SEO plugin. -->","yoast_head_json":{"title":"Logement subventionn\u00e9 - Faire une demande maintenant, Registre du logement d'Ottawa, aide","description":"Faites une demande de logement subventionn\u00e9 d\u00e8s maintenant. Les formulaires et tout ce dont vous avez besoin pour introduire une demande de logement subventionn\u00e9 sont pr\u00e9sent\u00e9s ici.","robots":{"index":"index","follow":"follow","max-snippet":"max-snippet:-1","max-image-preview":"max-image-preview:large","max-video-preview":"max-video-preview:-1"},"canonical":"https:\/\/housingregistry.ca\/fr\/les-formulaires\/","og_locale":"fr_FR","og_type":"article","og_title":"Logement subventionn\u00e9 - Faire une demande maintenant, Registre du logement d'Ottawa, aide","og_description":"Faites une demande de logement subventionn\u00e9 d\u00e8s maintenant. Les formulaires et tout ce dont vous avez besoin pour introduire une demande de logement subventionn\u00e9 sont pr\u00e9sent\u00e9s ici.","og_url":"https:\/\/housingregistry.ca\/fr\/les-formulaires\/","og_site_name":"Housing Registry of Ottawa","article_modified_time":"2026-01-20T13:57:17+00:00","og_image":[{"width":532,"height":366,"url":"https:\/\/housingregistry.ca\/wp-content\/uploads\/2022\/12\/hero_mobility.png","type":"image\/png"}],"twitter_card":"summary_large_image","twitter_misc":{"Dur\u00e9e de lecture estim\u00e9e":"6 minutes"},"schema":{"@context":"https:\/\/schema.org","@graph":[{"@type":"WebPage","@id":"https:\/\/housingregistry.ca\/fr\/les-formulaires\/","url":"https:\/\/housingregistry.ca\/fr\/les-formulaires\/","name":"Logement subventionn\u00e9 - Faire une demande maintenant, Registre du logement d'Ottawa, aide","isPartOf":{"@id":"https:\/\/housingregistry.ca\/#website"},"primaryImageOfPage":{"@id":"https:\/\/housingregistry.ca\/fr\/les-formulaires\/#primaryimage"},"image":{"@id":"https:\/\/housingregistry.ca\/fr\/les-formulaires\/#primaryimage"},"thumbnailUrl":"https:\/\/housingregistry.ca\/wp-content\/uploads\/2022\/12\/hero_mobility.png","datePublished":"2022-11-29T19:48:32+00:00","dateModified":"2026-01-20T13:57:17+00:00","description":"Faites une demande de logement subventionn\u00e9 d\u00e8s maintenant. Les formulaires et tout ce dont vous avez besoin pour introduire une demande de logement subventionn\u00e9 sont pr\u00e9sent\u00e9s ici.","breadcrumb":{"@id":"https:\/\/housingregistry.ca\/fr\/les-formulaires\/#breadcrumb"},"inLanguage":"fr-FR","potentialAction":[{"@type":"ReadAction","target":["https:\/\/housingregistry.ca\/fr\/les-formulaires\/"]}]},{"@type":"ImageObject","inLanguage":"fr-FR","@id":"https:\/\/housingregistry.ca\/fr\/les-formulaires\/#primaryimage","url":"https:\/\/housingregistry.ca\/wp-content\/uploads\/2022\/12\/hero_mobility.png","contentUrl":"https:\/\/housingregistry.ca\/wp-content\/uploads\/2022\/12\/hero_mobility.png","width":532,"height":366,"caption":"Illustration of a woman on a mobility device."},{"@type":"BreadcrumbList","@id":"https:\/\/housingregistry.ca\/fr\/les-formulaires\/#breadcrumb","itemListElement":[{"@type":"ListItem","position":1,"name":"Home","item":"https:\/\/housingregistry.ca\/fr\/"},{"@type":"ListItem","position":2,"name":"Les formulaires"}]},{"@type":"WebSite","@id":"https:\/\/housingregistry.ca\/#website","url":"https:\/\/housingregistry.ca\/","name":"Housing Registry of Ottawa","description":"Social Housing Registry","publisher":{"@id":"https:\/\/housingregistry.ca\/#organization"},"potentialAction":[{"@type":"SearchAction","target":{"@type":"EntryPoint","urlTemplate":"https:\/\/housingregistry.ca\/?s={search_term_string}"},"query-input":{"@type":"PropertyValueSpecification","valueRequired":true,"valueName":"search_term_string"}}],"inLanguage":"fr-FR"},{"@type":"Organization","@id":"https:\/\/housingregistry.ca\/#organization","name":"Housing Registry of Ottawa","url":"https:\/\/housingregistry.ca\/","logo":{"@type":"ImageObject","inLanguage":"fr-FR","@id":"https:\/\/housingregistry.ca\/#\/schema\/logo\/image\/","url":"https:\/\/housingregistry.ca\/wp-content\/uploads\/2022\/10\/UA_wordmark-black.png","contentUrl":"https:\/\/housingregistry.ca\/wp-content\/uploads\/2022\/10\/UA_wordmark-black.png","width":1000,"height":355,"caption":"Housing Registry of Ottawa"},"image":{"@id":"https:\/\/housingregistry.ca\/#\/schema\/logo\/image\/"}}]}},"_links":{"self":[{"href":"https:\/\/housingregistry.ca\/fr\/wp-json\/wp\/v2\/pages\/1432","targetHints":{"allow":["GET"]}}],"collection":[{"href":"https:\/\/housingregistry.ca\/fr\/wp-json\/wp\/v2\/pages"}],"about":[{"href":"https:\/\/housingregistry.ca\/fr\/wp-json\/wp\/v2\/types\/page"}],"author":[{"embeddable":true,"href":"https:\/\/housingregistry.ca\/fr\/wp-json\/wp\/v2\/users\/1"}],"replies":[{"embeddable":true,"href":"https:\/\/housingregistry.ca\/fr\/wp-json\/wp\/v2\/comments?post=1432"}],"version-history":[{"count":77,"href":"https:\/\/housingregistry.ca\/fr\/wp-json\/wp\/v2\/pages\/1432\/revisions"}],"predecessor-version":[{"id":2509,"href":"https:\/\/housingregistry.ca\/fr\/wp-json\/wp\/v2\/pages\/1432\/revisions\/2509"}],"wp:featuredmedia":[{"embeddable":true,"href":"https:\/\/housingregistry.ca\/fr\/wp-json\/wp\/v2\/media\/1353"}],"wp:attachment":[{"href":"https:\/\/housingregistry.ca\/fr\/wp-json\/wp\/v2\/media?parent=1432"}],"curies":[{"name":"wp","href":"https:\/\/api.w.org\/{rel}","templated":true}]}}