{"id":1441,"date":"2022-11-29T11:48:56","date_gmt":"2022-11-29T19:48:56","guid":{"rendered":"https:\/\/housingregistry.ca\/contactez\/"},"modified":"2025-04-04T13:27:01","modified_gmt":"2025-04-04T20:27:01","slug":"contactez","status":"publish","type":"page","link":"https:\/\/housingregistry.ca\/fr\/contactez\/","title":{"rendered":"Contactez"},"content":{"rendered":"\n<div class=\"wp-block-columns is-layout-flex wp-container-core-columns-is-layout-9d6595d7 wp-block-columns-is-layout-flex\">\n<div class=\"wp-block-column is-layout-flow wp-block-column-is-layout-flow\">\n<p><strong>Par t\u00e9l\u00e9phone:<\/strong> 613-526-2088 pour laisser un message et un repr\u00e9sentant vous rappellera.<\/p>\n\n\n\n<h2 class=\"wp-block-heading\">Heures de bureau: <\/h2>\n\n\n\n<p class=\"has-text-align-left\"><\/p>\n\n\n\n<p>Lundi, mercredi, jeudi et vendredi : 8h30 &#8211; 16h30<\/p>\n\n\n\n<p>Mardi: 13h &#8211; 16h30 <\/p>\n\n\n\n<p>Samedi: ferm\u00e9<\/p>\n\n\n\n<p>Dimanche: ferm\u00e9<\/p>\n\n\n\n<h2 class=\"wp-block-heading\">Adresse:<\/h2>\n\n\n\n<p>Les services en personne du Registre sont offerts au<strong> 240, rue Catherine, bureau 110<\/strong>, Ottawa, Ontario<\/p>\n\n\n\n<p>Adresse postale: Le Registre, 240 rue Catherine, bureau 110, Ottawa ON  K2P 2G8<\/p>\n<\/div>\n<\/div>\n","protected":false},"excerpt":{"rendered":"<p>Par t\u00e9l\u00e9phone: 613-526-2088 pour laisser un message et un repr\u00e9sentant vous rappellera. Heures de bureau: Lundi, mercredi, jeudi et vendredi : 8h30 &#8211; 16h30 Mardi: 13h &#8211; 16h30 Samedi: ferm\u00e9 Dimanche: ferm\u00e9 Adresse: Les services en personne du Registre sont offerts au 240, rue Catherine, bureau 110, Ottawa, Ontario Adresse&#8230; <a class=\"read-more\" href=\"https:\/\/housingregistry.ca\/fr\/contactez\/\">Read More<span class=\"hidden\"> about \u00ab\u00a0Contactez\u00a0\u00bb<\/span><\/a><\/p>\n","protected":false},"author":1,"featured_media":0,"parent":0,"menu_order":100,"comment_status":"closed","ping_status":"closed","template":"","meta":{"footnotes":""},"class_list":["post-1441","page","type-page","status-publish","hentry"],"acf":[],"yoast_head":"<!-- This site is optimized with the Yoast SEO plugin v27.2 - https:\/\/yoast.com\/product\/yoast-seo-wordpress\/ -->\n<title>Contactez - Housing Registry of Ottawa<\/title>\n<meta name=\"robots\" content=\"index, follow, max-snippet:-1, max-image-preview:large, max-video-preview:-1\" \/>\n<link rel=\"canonical\" href=\"https:\/\/housingregistry.ca\/fr\/contactez\/\" \/>\n<meta property=\"og:locale\" content=\"fr_FR\" \/>\n<meta property=\"og:type\" content=\"article\" \/>\n<meta property=\"og:title\" content=\"Contactez - Housing Registry of Ottawa\" \/>\n<meta property=\"og:description\" content=\"Par t\u00e9l\u00e9phone: 613-526-2088 pour laisser un message et un repr\u00e9sentant vous rappellera. Heures de bureau: Lundi, mercredi, jeudi et vendredi : 8h30 &#8211; 16h30 Mardi: 13h &#8211; 16h30 Samedi: ferm\u00e9 Dimanche: ferm\u00e9 Adresse: Les services en personne du Registre sont offerts au 240, rue Catherine, bureau 110, Ottawa, Ontario Adresse... Read More about &quot;Contactez&quot;\" \/>\n<meta property=\"og:url\" content=\"https:\/\/housingregistry.ca\/fr\/contactez\/\" \/>\n<meta property=\"og:site_name\" content=\"Housing Registry of Ottawa\" \/>\n<meta property=\"article:modified_time\" content=\"2025-04-04T20:27:01+00:00\" \/>\n<meta name=\"twitter:card\" content=\"summary_large_image\" \/>\n<meta name=\"twitter:label1\" content=\"Dur\u00e9e de lecture estim\u00e9e\" \/>\n\t<meta name=\"twitter:data1\" content=\"1 minute\" \/>\n<script type=\"application\/ld+json\" class=\"yoast-schema-graph\">{\"@context\":\"https:\/\/schema.org\",\"@graph\":[{\"@type\":\"WebPage\",\"@id\":\"https:\/\/housingregistry.ca\/fr\/contactez\/\",\"url\":\"https:\/\/housingregistry.ca\/fr\/contactez\/\",\"name\":\"Contactez - Housing Registry of Ottawa\",\"isPartOf\":{\"@id\":\"https:\/\/housingregistry.ca\/#website\"},\"datePublished\":\"2022-11-29T19:48:56+00:00\",\"dateModified\":\"2025-04-04T20:27:01+00:00\",\"breadcrumb\":{\"@id\":\"https:\/\/housingregistry.ca\/fr\/contactez\/#breadcrumb\"},\"inLanguage\":\"fr-FR\",\"potentialAction\":[{\"@type\":\"ReadAction\",\"target\":[\"https:\/\/housingregistry.ca\/fr\/contactez\/\"]}]},{\"@type\":\"BreadcrumbList\",\"@id\":\"https:\/\/housingregistry.ca\/fr\/contactez\/#breadcrumb\",\"itemListElement\":[{\"@type\":\"ListItem\",\"position\":1,\"name\":\"Home\",\"item\":\"https:\/\/housingregistry.ca\/fr\/\"},{\"@type\":\"ListItem\",\"position\":2,\"name\":\"Contactez\"}]},{\"@type\":\"WebSite\",\"@id\":\"https:\/\/housingregistry.ca\/#website\",\"url\":\"https:\/\/housingregistry.ca\/\",\"name\":\"Housing Registry of Ottawa\",\"description\":\"Social Housing Registry\",\"publisher\":{\"@id\":\"https:\/\/housingregistry.ca\/#organization\"},\"potentialAction\":[{\"@type\":\"SearchAction\",\"target\":{\"@type\":\"EntryPoint\",\"urlTemplate\":\"https:\/\/housingregistry.ca\/?s={search_term_string}\"},\"query-input\":{\"@type\":\"PropertyValueSpecification\",\"valueRequired\":true,\"valueName\":\"search_term_string\"}}],\"inLanguage\":\"fr-FR\"},{\"@type\":\"Organization\",\"@id\":\"https:\/\/housingregistry.ca\/#organization\",\"name\":\"Housing Registry of Ottawa\",\"url\":\"https:\/\/housingregistry.ca\/\",\"logo\":{\"@type\":\"ImageObject\",\"inLanguage\":\"fr-FR\",\"@id\":\"https:\/\/housingregistry.ca\/#\/schema\/logo\/image\/\",\"url\":\"https:\/\/housingregistry.ca\/wp-content\/uploads\/2022\/10\/UA_wordmark-black.png\",\"contentUrl\":\"https:\/\/housingregistry.ca\/wp-content\/uploads\/2022\/10\/UA_wordmark-black.png\",\"width\":1000,\"height\":355,\"caption\":\"Housing Registry of Ottawa\"},\"image\":{\"@id\":\"https:\/\/housingregistry.ca\/#\/schema\/logo\/image\/\"}}]}<\/script>\n<!-- \/ Yoast SEO plugin. -->","yoast_head_json":{"title":"Contactez - Housing Registry of Ottawa","robots":{"index":"index","follow":"follow","max-snippet":"max-snippet:-1","max-image-preview":"max-image-preview:large","max-video-preview":"max-video-preview:-1"},"canonical":"https:\/\/housingregistry.ca\/fr\/contactez\/","og_locale":"fr_FR","og_type":"article","og_title":"Contactez - Housing Registry of Ottawa","og_description":"Par t\u00e9l\u00e9phone: 613-526-2088 pour laisser un message et un repr\u00e9sentant vous rappellera. Heures de bureau: Lundi, mercredi, jeudi et vendredi : 8h30 &#8211; 16h30 Mardi: 13h &#8211; 16h30 Samedi: ferm\u00e9 Dimanche: ferm\u00e9 Adresse: Les services en personne du Registre sont offerts au 240, rue Catherine, bureau 110, Ottawa, Ontario Adresse... Read More about \"Contactez\"","og_url":"https:\/\/housingregistry.ca\/fr\/contactez\/","og_site_name":"Housing Registry of Ottawa","article_modified_time":"2025-04-04T20:27:01+00:00","twitter_card":"summary_large_image","twitter_misc":{"Dur\u00e9e de lecture estim\u00e9e":"1 minute"},"schema":{"@context":"https:\/\/schema.org","@graph":[{"@type":"WebPage","@id":"https:\/\/housingregistry.ca\/fr\/contactez\/","url":"https:\/\/housingregistry.ca\/fr\/contactez\/","name":"Contactez - Housing Registry of Ottawa","isPartOf":{"@id":"https:\/\/housingregistry.ca\/#website"},"datePublished":"2022-11-29T19:48:56+00:00","dateModified":"2025-04-04T20:27:01+00:00","breadcrumb":{"@id":"https:\/\/housingregistry.ca\/fr\/contactez\/#breadcrumb"},"inLanguage":"fr-FR","potentialAction":[{"@type":"ReadAction","target":["https:\/\/housingregistry.ca\/fr\/contactez\/"]}]},{"@type":"BreadcrumbList","@id":"https:\/\/housingregistry.ca\/fr\/contactez\/#breadcrumb","itemListElement":[{"@type":"ListItem","position":1,"name":"Home","item":"https:\/\/housingregistry.ca\/fr\/"},{"@type":"ListItem","position":2,"name":"Contactez"}]},{"@type":"WebSite","@id":"https:\/\/housingregistry.ca\/#website","url":"https:\/\/housingregistry.ca\/","name":"Housing Registry of Ottawa","description":"Social Housing Registry","publisher":{"@id":"https:\/\/housingregistry.ca\/#organization"},"potentialAction":[{"@type":"SearchAction","target":{"@type":"EntryPoint","urlTemplate":"https:\/\/housingregistry.ca\/?s={search_term_string}"},"query-input":{"@type":"PropertyValueSpecification","valueRequired":true,"valueName":"search_term_string"}}],"inLanguage":"fr-FR"},{"@type":"Organization","@id":"https:\/\/housingregistry.ca\/#organization","name":"Housing Registry of Ottawa","url":"https:\/\/housingregistry.ca\/","logo":{"@type":"ImageObject","inLanguage":"fr-FR","@id":"https:\/\/housingregistry.ca\/#\/schema\/logo\/image\/","url":"https:\/\/housingregistry.ca\/wp-content\/uploads\/2022\/10\/UA_wordmark-black.png","contentUrl":"https:\/\/housingregistry.ca\/wp-content\/uploads\/2022\/10\/UA_wordmark-black.png","width":1000,"height":355,"caption":"Housing Registry of Ottawa"},"image":{"@id":"https:\/\/housingregistry.ca\/#\/schema\/logo\/image\/"}}]}},"_links":{"self":[{"href":"https:\/\/housingregistry.ca\/fr\/wp-json\/wp\/v2\/pages\/1441","targetHints":{"allow":["GET"]}}],"collection":[{"href":"https:\/\/housingregistry.ca\/fr\/wp-json\/wp\/v2\/pages"}],"about":[{"href":"https:\/\/housingregistry.ca\/fr\/wp-json\/wp\/v2\/types\/page"}],"author":[{"embeddable":true,"href":"https:\/\/housingregistry.ca\/fr\/wp-json\/wp\/v2\/users\/1"}],"replies":[{"embeddable":true,"href":"https:\/\/housingregistry.ca\/fr\/wp-json\/wp\/v2\/comments?post=1441"}],"version-history":[{"count":27,"href":"https:\/\/housingregistry.ca\/fr\/wp-json\/wp\/v2\/pages\/1441\/revisions"}],"predecessor-version":[{"id":2227,"href":"https:\/\/housingregistry.ca\/fr\/wp-json\/wp\/v2\/pages\/1441\/revisions\/2227"}],"wp:attachment":[{"href":"https:\/\/housingregistry.ca\/fr\/wp-json\/wp\/v2\/media?parent=1441"}],"curies":[{"name":"wp","href":"https:\/\/api.w.org\/{rel}","templated":true}]}}